{"id":9634,"date":"2025-12-18T18:36:14","date_gmt":"2025-12-18T17:36:14","guid":{"rendered":"http:\/\/loisel-avocats.local\/?page_id=9634"},"modified":"2026-01-24T12:22:01","modified_gmt":"2026-01-24T11:22:01","slug":"etudes-de-cas-droit-des-successions","status":"publish","type":"page","link":"https:\/\/loiselleavocats.ca\/en\/etudes-de-cas-droit-des-successions\/","title":{"rendered":"\u00c9tudes de cas : droit des successions"},"content":{"rendered":"\t\t<div data-elementor-type=\"wp-page\" data-elementor-id=\"9634\" class=\"elementor elementor-9634\" data-elementor-post-type=\"page\">\n\t\t\t\t<div class=\"elementor-element elementor-element-6c7af06e e-con-full e-grid e-con e-child\" data-id=\"6c7af06e\" data-element_type=\"container\" data-e-type=\"container\" data-settings=\"{&quot;background_background&quot;:&quot;classic&quot;}\">\n\t\t<div class=\"elementor-element elementor-element-12435538 e-con-full e-flex e-con e-child\" data-id=\"12435538\" data-element_type=\"container\" data-e-type=\"container\" data-settings=\"{&quot;background_background&quot;:&quot;slideshow&quot;,&quot;background_slideshow_gallery&quot;:[{&quot;id&quot;:9636,&quot;url&quot;:&quot;http:\\\/\\\/loiselleavocats.ca\\\/wp-content\\\/uploads\\\/2025\\\/12\\\/tribunal-5-1.webp&quot;}],&quot;background_slideshow_loop&quot;:&quot;yes&quot;,&quot;background_slideshow_slide_duration&quot;:5000,&quot;background_slideshow_slide_transition&quot;:&quot;fade&quot;,&quot;background_slideshow_transition_duration&quot;:500}\">\n\t\t<div class=\"elementor-element elementor-element-5ce210ed e-con-full e-flex e-con e-child\" data-id=\"5ce210ed\" data-element_type=\"container\" data-e-type=\"container\">\n\t\t\t\t<div class=\"elementor-element elementor-element-32ecb9ee elementor-widget__width-auto elementor-view-default elementor-position-block-start elementor-mobile-position-block-start elementor-widget elementor-widget-icon-box\" data-id=\"32ecb9ee\" data-element_type=\"widget\" data-e-type=\"widget\" data-widget_type=\"icon-box.default\">\n\t\t\t\t\t\t\t<div class=\"elementor-icon-box-wrapper\">\n\n\t\t\t\t\t\t<div class=\"elementor-icon-box-icon\">\n\t\t\t\t<span  class=\"elementor-icon\">\n\t\t\t\t<svg aria-hidden=\"true\" class=\"e-font-icon-svg e-fas-balance-scale\" viewBox=\"0 0 640 512\" xmlns=\"http:\/\/www.w3.org\/2000\/svg\"><path d=\"M256 336h-.02c0-16.18 1.34-8.73-85.05-181.51-17.65-35.29-68.19-35.36-85.87 0C-2.06 328.75.02 320.33.02 336H0c0 44.18 57.31 80 128 80s128-35.82 128-80zM128 176l72 144H56l72-144zm511.98 160c0-16.18 1.34-8.73-85.05-181.51-17.65-35.29-68.19-35.36-85.87 0-87.12 174.26-85.04 165.84-85.04 181.51H384c0 44.18 57.31 80 128 80s128-35.82 128-80h-.02zM440 320l72-144 72 144H440zm88 128H352V153.25c23.51-10.29 41.16-31.48 46.39-57.25H528c8.84 0 16-7.16 16-16V48c0-8.84-7.16-16-16-16H383.64C369.04 12.68 346.09 0 320 0s-49.04 12.68-63.64 32H112c-8.84 0-16 7.16-16 16v32c0 8.84 7.16 16 16 16h129.61c5.23 25.76 22.87 46.96 46.39 57.25V448H112c-8.84 0-16 7.16-16 16v32c0 8.84 7.16 16 16 16h416c8.84 0 16-7.16 16-16v-32c0-8.84-7.16-16-16-16z\"><\/path><\/svg>\t\t\t\t<\/span>\n\t\t\t<\/div>\n\t\t\t\n\t\t\t\t\t\t<div class=\"elementor-icon-box-content\">\n\n\t\t\t\t\t\t\t\t\t<h5 class=\"elementor-icon-box-title\">\n\t\t\t\t\t\t<span  >\n\t\t\t\t\t\t\tLapointe c. Succession de Lalande, 2019 QCCS 326 - Reddition de compte \/ liquidation de succession\t\t\t\t\t\t<\/span>\n\t\t\t\t\t<\/h5>\n\t\t\t\t\n\t\t\t\t\t\t\t\t\t<p class=\"elementor-icon-box-description\">\n\t\t\t\t\t\tMe Loiselle a d\u00e9fendu avec succ\u00e8s les int\u00e9r\u00eats de la liquidatrice de la succession\u00a0Lalande,\u00a0la\u00a0D\u00e9fenderesse.\u00a0Un h\u00e9ritier de deuxi\u00e8me g\u00e9n\u00e9ration r\u00e9clamait\u00a0une reddition de compte compl\u00e8te et plus de 60 000 $ pour mauvaise gestion d\u2019une succession administr\u00e9e depuis 1965. La Cour conclut que les h\u00e9ritiers de premi\u00e8re g\u00e9n\u00e9ration avaient renonc\u00e9 aux comptes formels pendant 40 ans ;\u00a0les recours sont prescrits ;\u00a0aucune mauvaise gestion n\u2019est prouv\u00e9e ;\u00a0l\u2019expertise du demandeur est retir\u00e9e et non cr\u00e9dible ;\u00a0la liquidatrice a bien agi et sa reddition\u00a0de compte est ent\u00e9rin\u00e9e.\u00a0Elle recouvre \u00e9galement tous ses frais d\u2019avocats comme liquidatrice de la succession en cause.\u00a0Le recours du Demandeur est rejet\u00e9.\t\t\t\t\t<\/p>\n\t\t\t\t\n\t\t\t<\/div>\n\t\t\t\n\t\t<\/div>\n\t\t\t\t\t\t<\/div>\n\t\t\t\t<div class=\"elementor-element elementor-element-66577662 elementor-align-center elementor-widget elementor-widget-button\" data-id=\"66577662\" data-element_type=\"widget\" data-e-type=\"widget\" data-widget_type=\"button.default\">\n\t\t\t\t\t\t\t\t\t\t<a class=\"elementor-button elementor-button-link elementor-size-sm\" href=\"https:\/\/www.canlii.org\/fr\/qc\/qccs\/doc\/2019\/2019qccs326\/2019qccs326.html?resultId=0da3ea17d2e1441a8e0866475bbdb39f&#038;searchId=2025-12-10T09:21:46:924\/2eb60fce49e541ea94b4a6f695355189&#038;searchUrlHash=AAAAAQAQInNvbmlhIGxvaXNlbGxlIgAAAAAB\">\n\t\t\t\t\t\t<span class=\"elementor-button-content-wrapper\">\n\t\t\t\t\t\t\t\t\t<span class=\"elementor-button-text\">Lire le jugement complet<\/span>\n\t\t\t\t\t<\/span>\n\t\t\t\t\t<\/a>\n\t\t\t\t\t\t\t\t<\/div>\n\t\t\t\t<\/div>\n\t\t\t\t<\/div>\n\t\t<div class=\"elementor-element elementor-element-646ac853 e-con-full e-flex e-con e-child\" data-id=\"646ac853\" data-element_type=\"container\" data-e-type=\"container\" data-settings=\"{&quot;background_background&quot;:&quot;slideshow&quot;,&quot;background_slideshow_gallery&quot;:[{&quot;id&quot;:9637,&quot;url&quot;:&quot;http:\\\/\\\/loiselleavocats.ca\\\/wp-content\\\/uploads\\\/2025\\\/12\\\/tribunal-1-1-1.webp&quot;}],&quot;background_slideshow_loop&quot;:&quot;yes&quot;,&quot;background_slideshow_slide_duration&quot;:5000,&quot;background_slideshow_slide_transition&quot;:&quot;fade&quot;,&quot;background_slideshow_transition_duration&quot;:500}\">\n\t\t\t\t<div class=\"elementor-element elementor-element-2b235b11 elementor-view-default elementor-position-block-start elementor-mobile-position-block-start elementor-widget elementor-widget-icon-box\" data-id=\"2b235b11\" data-element_type=\"widget\" data-e-type=\"widget\" data-widget_type=\"icon-box.default\">\n\t\t\t\t\t\t\t<div class=\"elementor-icon-box-wrapper\">\n\n\t\t\t\t\t\t<div class=\"elementor-icon-box-icon\">\n\t\t\t\t<span  class=\"elementor-icon\">\n\t\t\t\t<svg aria-hidden=\"true\" class=\"e-font-icon-svg e-fas-balance-scale\" viewBox=\"0 0 640 512\" xmlns=\"http:\/\/www.w3.org\/2000\/svg\"><path d=\"M256 336h-.02c0-16.18 1.34-8.73-85.05-181.51-17.65-35.29-68.19-35.36-85.87 0C-2.06 328.75.02 320.33.02 336H0c0 44.18 57.31 80 128 80s128-35.82 128-80zM128 176l72 144H56l72-144zm511.98 160c0-16.18 1.34-8.73-85.05-181.51-17.65-35.29-68.19-35.36-85.87 0-87.12 174.26-85.04 165.84-85.04 181.51H384c0 44.18 57.31 80 128 80s128-35.82 128-80h-.02zM440 320l72-144 72 144H440zm88 128H352V153.25c23.51-10.29 41.16-31.48 46.39-57.25H528c8.84 0 16-7.16 16-16V48c0-8.84-7.16-16-16-16H383.64C369.04 12.68 346.09 0 320 0s-49.04 12.68-63.64 32H112c-8.84 0-16 7.16-16 16v32c0 8.84 7.16 16 16 16h129.61c5.23 25.76 22.87 46.96 46.39 57.25V448H112c-8.84 0-16 7.16-16 16v32c0 8.84 7.16 16 16 16h416c8.84 0 16-7.16 16-16v-32c0-8.84-7.16-16-16-16z\"><\/path><\/svg>\t\t\t\t<\/span>\n\t\t\t<\/div>\n\t\t\t\n\t\t\t\t\t\t<div class=\"elementor-icon-box-content\">\n\n\t\t\t\t\t\t\t\t\t<h5 class=\"elementor-icon-box-title\">\n\t\t\t\t\t\t<span  >\n\t\t\t\t\t\t\tValli\u00e8res c. Chartrand, 2019 QCCS 5060 - Contestation de testament (aptitude\/captation)\t\t\t\t\t\t<\/span>\n\t\t\t\t\t<\/h5>\n\t\t\t\t\n\t\t\t\t\t\t\t\t\t<p class=\"elementor-icon-box-description\">\n\t\t\t\t\t\tMe Loiselle a\u00a0d\u00e9fendu\u00a0avec succ\u00e8s\u00a0les D\u00e9fendeurs\u00a0dans le cadre\u00a0d\u2019une demande en annulation de testament.\u00a0Les neveux Valli\u00e8res demandaient\u00a0l\u2019annulation du testament de\u00a0leur tante (2010)\u00a0fait en faveur des D\u00e9fendeurs Chartrand,\u00a0pour\u00a0cause d\u2019inaptitude ou\u00a0de\u00a0captation.\u00a0Ils\u00a0demandaient que le testament pr\u00e9c\u00e9dent soit d\u00e9clar\u00e9 valide, lequel \u00e9tait en faveur des cinq cousins, les Valli\u00e8res et les Chartrand.\u00a0Apr\u00e8s un d\u00e9bat d\u2019experts au niveau de l\u2019aptitude et un proc\u00e8s de longue dur\u00e9e, la Cour conclut que la d\u00e9funte\u00a0\u00e9tait encore apte \u00e0 tester,\u00a0connaissait l\u2019\u00e9tendue de ses actifs et comprenait bien son geste, et qu'il n\u2019y a aucune preuve d\u2019influence indue.\u00a0Le testament est donc valide.\t\t\t\t\t<\/p>\n\t\t\t\t\n\t\t\t<\/div>\n\t\t\t\n\t\t<\/div>\n\t\t\t\t\t\t<\/div>\n\t\t\t\t<div class=\"elementor-element elementor-element-5f606ccd elementor-align-center elementor-widget elementor-widget-button\" data-id=\"5f606ccd\" data-element_type=\"widget\" data-e-type=\"widget\" data-widget_type=\"button.default\">\n\t\t\t\t\t\t\t\t\t\t<a class=\"elementor-button elementor-button-link elementor-size-sm\" href=\"https:\/\/www.canlii.org\/fr\/qc\/qccs\/doc\/2019\/2019qccs5060\/2019qccs5060.html?resultId=ae434a20abb54b958d8d511a7b6c67ac&#038;searchId=2025-12-10T09:21:46:924\/2eb60fce49e541ea94b4a6f695355189&#038;searchUrlHash=AAAAAQAQInNvbmlhIGxvaXNlbGxlIgAAAAAB\">\n\t\t\t\t\t\t<span class=\"elementor-button-content-wrapper\">\n\t\t\t\t\t\t\t\t\t<span class=\"elementor-button-text\">Lire le jugement complet<\/span>\n\t\t\t\t\t<\/span>\n\t\t\t\t\t<\/a>\n\t\t\t\t\t\t\t\t<\/div>\n\t\t\t\t<\/div>\n\t\t<div class=\"elementor-element elementor-element-3572ecf8 e-con-full e-flex e-con e-child\" data-id=\"3572ecf8\" data-element_type=\"container\" data-e-type=\"container\" data-settings=\"{&quot;background_background&quot;:&quot;slideshow&quot;,&quot;background_slideshow_gallery&quot;:[{&quot;id&quot;:9638,&quot;url&quot;:&quot;http:\\\/\\\/loiselleavocats.ca\\\/wp-content\\\/uploads\\\/2025\\\/12\\\/tribunal-2-1-1.webp&quot;}],&quot;background_slideshow_loop&quot;:&quot;yes&quot;,&quot;background_slideshow_slide_duration&quot;:5000,&quot;background_slideshow_slide_transition&quot;:&quot;fade&quot;,&quot;background_slideshow_transition_duration&quot;:500}\">\n\t\t\t\t<div class=\"elementor-element elementor-element-5d8c2320 elementor-view-default elementor-position-block-start elementor-mobile-position-block-start elementor-widget elementor-widget-icon-box\" data-id=\"5d8c2320\" data-element_type=\"widget\" data-e-type=\"widget\" data-widget_type=\"icon-box.default\">\n\t\t\t\t\t\t\t<div class=\"elementor-icon-box-wrapper\">\n\n\t\t\t\t\t\t<div class=\"elementor-icon-box-icon\">\n\t\t\t\t<span  class=\"elementor-icon\">\n\t\t\t\t<svg aria-hidden=\"true\" class=\"e-font-icon-svg e-fas-balance-scale\" viewBox=\"0 0 640 512\" xmlns=\"http:\/\/www.w3.org\/2000\/svg\"><path d=\"M256 336h-.02c0-16.18 1.34-8.73-85.05-181.51-17.65-35.29-68.19-35.36-85.87 0C-2.06 328.75.02 320.33.02 336H0c0 44.18 57.31 80 128 80s128-35.82 128-80zM128 176l72 144H56l72-144zm511.98 160c0-16.18 1.34-8.73-85.05-181.51-17.65-35.29-68.19-35.36-85.87 0-87.12 174.26-85.04 165.84-85.04 181.51H384c0 44.18 57.31 80 128 80s128-35.82 128-80h-.02zM440 320l72-144 72 144H440zm88 128H352V153.25c23.51-10.29 41.16-31.48 46.39-57.25H528c8.84 0 16-7.16 16-16V48c0-8.84-7.16-16-16-16H383.64C369.04 12.68 346.09 0 320 0s-49.04 12.68-63.64 32H112c-8.84 0-16 7.16-16 16v32c0 8.84 7.16 16 16 16h129.61c5.23 25.76 22.87 46.96 46.39 57.25V448H112c-8.84 0-16 7.16-16 16v32c0 8.84 7.16 16 16 16h416c8.84 0 16-7.16 16-16v-32c0-8.84-7.16-16-16-16z\"><\/path><\/svg>\t\t\t\t<\/span>\n\t\t\t<\/div>\n\t\t\t\n\t\t\t\t\t\t<div class=\"elementor-icon-box-content\">\n\n\t\t\t\t\t\t\t\t\t<h5 class=\"elementor-icon-box-title\">\n\t\t\t\t\t\t<span  >\n\t\t\t\t\t\t\tSuccession de Rocco Mossa c. Tessier, 2022 QCCQ 10060 - Enrichissement injustifi\u00e9\t\t\t\t\t\t<\/span>\n\t\t\t\t\t<\/h5>\n\t\t\t\t\n\t\t\t\t\t\t\t\t\t<p class=\"elementor-icon-box-description\">\n\t\t\t\t\t\tMe Loiselle a repr\u00e9sent\u00e9 Mme Tessier dans un recours en enrichissement injustifi\u00e9 intent\u00e9\u00a0par le liquidateur de la succession de son ami, Rocco\u00a0Mossa,\u00a0pr\u00e9tendant qu\u2019elle a profit\u00e9 des biens du d\u00e9funt.\u00a0Au contraire, la\u00a0preuve\u00a0a d\u00e9montr\u00e9\u00a0que le d\u00e9funt\u00a0lui avait donn\u00e9 procuration, connaissait ses gestes et faisait volontairement plusieurs dons ou d\u00e9penses\u00a0pour elle.\u00a0La Cour a rejet\u00e9\u00a0principalement la demande d'enrichissement injustifi\u00e9 du liquidateur d'une succession, outre\u00a0une somme de 1 417,12 $\u00a0qui a \u00e9t\u00e9\u00a0accord\u00e9e pour des d\u00e9penses posthumes effectu\u00e9es sans autorisation testamentaire.\t\t\t\t\t<\/p>\n\t\t\t\t\n\t\t\t<\/div>\n\t\t\t\n\t\t<\/div>\n\t\t\t\t\t\t<\/div>\n\t\t\t\t<div class=\"elementor-element elementor-element-52c5e43f elementor-align-center elementor-widget elementor-widget-button\" data-id=\"52c5e43f\" data-element_type=\"widget\" data-e-type=\"widget\" data-widget_type=\"button.default\">\n\t\t\t\t\t\t\t\t\t\t<a class=\"elementor-button elementor-button-link elementor-size-sm\" href=\"https:\/\/www.canlii.org\/fr\/qc\/qccq\/doc\/2022\/2022qccq10060\/2022qccq10060.html?resultId=e8b54e0406ab45d4b658c091414f9538&#038;searchId=2025-12-10T09:21:46:924\/2eb60fce49e541ea94b4a6f695355189&#038;searchUrlHash=AAAAAQAQInNvbmlhIGxvaXNlbGxlIgAAAAAB\">\n\t\t\t\t\t\t<span class=\"elementor-button-content-wrapper\">\n\t\t\t\t\t\t\t\t\t<span class=\"elementor-button-text\">Lire le jugement complet<\/span>\n\t\t\t\t\t<\/span>\n\t\t\t\t\t<\/a>\n\t\t\t\t\t\t\t\t<\/div>\n\t\t\t\t<\/div>\n\t\t\t\t<\/div>\n\t\t\t\t<\/div>\n\t\t","protected":false},"excerpt":{"rendered":"<p>Lapointe c. Succession de Lalande, 2019 QCCS 326 &#8211; Reddition de compte \/ liquidation de succession Me Loiselle a d\u00e9fendu avec succ\u00e8s les int\u00e9r\u00eats de la liquidatrice de la succession\u00a0Lalande,\u00a0la\u00a0D\u00e9fenderesse.\u00a0Un h\u00e9ritier de deuxi\u00e8me g\u00e9n\u00e9ration r\u00e9clamait\u00a0une reddition de compte compl\u00e8te et plus de 60 000 $ pour mauvaise gestion d\u2019une succession administr\u00e9e depuis 1965. La Cour [&hellip;]<\/p>\n","protected":false},"author":1,"featured_media":0,"parent":0,"menu_order":0,"comment_status":"closed","ping_status":"closed","template":"elementor_header_footer","meta":{"_acf_changed":false,"footnotes":""},"class_list":["post-9634","page","type-page","status-publish","hentry"],"acf":[],"yoast_head":"<!-- This site is optimized with the Yoast SEO plugin v27.4 - https:\/\/yoast.com\/product\/yoast-seo-wordpress\/ -->\n<title>\u00c9tudes de cas : droit des successions - loiselle-avocats<\/title>\n<meta name=\"robots\" content=\"index, follow, max-snippet:-1, max-image-preview:large, max-video-preview:-1\" \/>\n<link rel=\"canonical\" href=\"https:\/\/loiselleavocats.ca\/en\/etudes-de-cas-droit-des-successions\/\" \/>\n<meta property=\"og:locale\" content=\"en_US\" \/>\n<meta property=\"og:type\" content=\"article\" \/>\n<meta property=\"og:title\" content=\"\u00c9tudes de cas : droit des successions - loiselle-avocats\" \/>\n<meta property=\"og:description\" content=\"Lapointe c. Succession de Lalande, 2019 QCCS 326 &#8211; Reddition de compte \/ liquidation de succession Me Loiselle a d\u00e9fendu avec succ\u00e8s les int\u00e9r\u00eats de la liquidatrice de la succession\u00a0Lalande,\u00a0la\u00a0D\u00e9fenderesse.\u00a0Un h\u00e9ritier de deuxi\u00e8me g\u00e9n\u00e9ration r\u00e9clamait\u00a0une reddition de compte compl\u00e8te et plus de 60 000 $ pour mauvaise gestion d\u2019une succession administr\u00e9e depuis 1965. La Cour [&hellip;]\" \/>\n<meta property=\"og:url\" content=\"https:\/\/loiselleavocats.ca\/en\/etudes-de-cas-droit-des-successions\/\" \/>\n<meta property=\"og:site_name\" content=\"loiselle-avocats\" \/>\n<meta property=\"article:modified_time\" content=\"2026-01-24T11:22:01+00:00\" \/>\n<meta name=\"twitter:card\" content=\"summary_large_image\" \/>\n<meta name=\"twitter:label1\" content=\"Est. reading time\" \/>\n\t<meta name=\"twitter:data1\" content=\"2 minutes\" \/>\n<script type=\"application\/ld+json\" class=\"yoast-schema-graph\">{\"@context\":\"https:\\\/\\\/schema.org\",\"@graph\":[{\"@type\":\"WebPage\",\"@id\":\"https:\\\/\\\/loiselleavocats.ca\\\/en\\\/etudes-de-cas-droit-des-successions\\\/\",\"url\":\"https:\\\/\\\/loiselleavocats.ca\\\/en\\\/etudes-de-cas-droit-des-successions\\\/\",\"name\":\"\u00c9tudes de cas : droit des successions - loiselle-avocats\",\"isPartOf\":{\"@id\":\"https:\\\/\\\/loiselleavocats.ca\\\/en\\\/#website\"},\"datePublished\":\"2025-12-18T17:36:14+00:00\",\"dateModified\":\"2026-01-24T11:22:01+00:00\",\"breadcrumb\":{\"@id\":\"https:\\\/\\\/loiselleavocats.ca\\\/en\\\/etudes-de-cas-droit-des-successions\\\/#breadcrumb\"},\"inLanguage\":\"en-CA\",\"potentialAction\":[{\"@type\":\"ReadAction\",\"target\":[\"https:\\\/\\\/loiselleavocats.ca\\\/en\\\/etudes-de-cas-droit-des-successions\\\/\"]}]},{\"@type\":\"BreadcrumbList\",\"@id\":\"https:\\\/\\\/loiselleavocats.ca\\\/en\\\/etudes-de-cas-droit-des-successions\\\/#breadcrumb\",\"itemListElement\":[{\"@type\":\"ListItem\",\"position\":1,\"name\":\"Accueil\",\"item\":\"https:\\\/\\\/loiselleavocats.ca\\\/en\\\/\"},{\"@type\":\"ListItem\",\"position\":2,\"name\":\"\u00c9tudes de cas : droit des successions\"}]},{\"@type\":\"WebSite\",\"@id\":\"https:\\\/\\\/loiselleavocats.ca\\\/en\\\/#website\",\"url\":\"https:\\\/\\\/loiselleavocats.ca\\\/en\\\/\",\"name\":\"loiselle-avocats\",\"description\":\"\",\"publisher\":{\"@id\":\"https:\\\/\\\/loiselleavocats.ca\\\/en\\\/#organization\"},\"potentialAction\":[{\"@type\":\"SearchAction\",\"target\":{\"@type\":\"EntryPoint\",\"urlTemplate\":\"https:\\\/\\\/loiselleavocats.ca\\\/en\\\/?s={search_term_string}\"},\"query-input\":{\"@type\":\"PropertyValueSpecification\",\"valueRequired\":true,\"valueName\":\"search_term_string\"}}],\"inLanguage\":\"en-CA\"},{\"@type\":\"Organization\",\"@id\":\"https:\\\/\\\/loiselleavocats.ca\\\/en\\\/#organization\",\"name\":\"loiselle-avocats\",\"url\":\"https:\\\/\\\/loiselleavocats.ca\\\/en\\\/\",\"logo\":{\"@type\":\"ImageObject\",\"inLanguage\":\"en-CA\",\"@id\":\"https:\\\/\\\/loiselleavocats.ca\\\/en\\\/#\\\/schema\\\/logo\\\/image\\\/\",\"url\":\"https:\\\/\\\/loiselleavocats.ca\\\/wp-content\\\/uploads\\\/2025\\\/12\\\/cropped-LOGO_LOISELLE.JPG-removebg-preview.png\",\"contentUrl\":\"https:\\\/\\\/loiselleavocats.ca\\\/wp-content\\\/uploads\\\/2025\\\/12\\\/cropped-LOGO_LOISELLE.JPG-removebg-preview.png\",\"width\":567,\"height\":147,\"caption\":\"loiselle-avocats\"},\"image\":{\"@id\":\"https:\\\/\\\/loiselleavocats.ca\\\/en\\\/#\\\/schema\\\/logo\\\/image\\\/\"}}]}<\/script>\n<!-- \/ Yoast SEO plugin. -->","yoast_head_json":{"title":"\u00c9tudes de cas : droit des successions - loiselle-avocats","robots":{"index":"index","follow":"follow","max-snippet":"max-snippet:-1","max-image-preview":"max-image-preview:large","max-video-preview":"max-video-preview:-1"},"canonical":"https:\/\/loiselleavocats.ca\/en\/etudes-de-cas-droit-des-successions\/","og_locale":"en_US","og_type":"article","og_title":"\u00c9tudes de cas : droit des successions - loiselle-avocats","og_description":"Lapointe c. Succession de Lalande, 2019 QCCS 326 &#8211; Reddition de compte \/ liquidation de succession Me Loiselle a d\u00e9fendu avec succ\u00e8s les int\u00e9r\u00eats de la liquidatrice de la succession\u00a0Lalande,\u00a0la\u00a0D\u00e9fenderesse.\u00a0Un h\u00e9ritier de deuxi\u00e8me g\u00e9n\u00e9ration r\u00e9clamait\u00a0une reddition de compte compl\u00e8te et plus de 60 000 $ pour mauvaise gestion d\u2019une succession administr\u00e9e depuis 1965. La Cour [&hellip;]","og_url":"https:\/\/loiselleavocats.ca\/en\/etudes-de-cas-droit-des-successions\/","og_site_name":"loiselle-avocats","article_modified_time":"2026-01-24T11:22:01+00:00","twitter_card":"summary_large_image","twitter_misc":{"Est. reading time":"2 minutes"},"schema":{"@context":"https:\/\/schema.org","@graph":[{"@type":"WebPage","@id":"https:\/\/loiselleavocats.ca\/en\/etudes-de-cas-droit-des-successions\/","url":"https:\/\/loiselleavocats.ca\/en\/etudes-de-cas-droit-des-successions\/","name":"\u00c9tudes de cas : droit des successions - loiselle-avocats","isPartOf":{"@id":"https:\/\/loiselleavocats.ca\/en\/#website"},"datePublished":"2025-12-18T17:36:14+00:00","dateModified":"2026-01-24T11:22:01+00:00","breadcrumb":{"@id":"https:\/\/loiselleavocats.ca\/en\/etudes-de-cas-droit-des-successions\/#breadcrumb"},"inLanguage":"en-CA","potentialAction":[{"@type":"ReadAction","target":["https:\/\/loiselleavocats.ca\/en\/etudes-de-cas-droit-des-successions\/"]}]},{"@type":"BreadcrumbList","@id":"https:\/\/loiselleavocats.ca\/en\/etudes-de-cas-droit-des-successions\/#breadcrumb","itemListElement":[{"@type":"ListItem","position":1,"name":"Accueil","item":"https:\/\/loiselleavocats.ca\/en\/"},{"@type":"ListItem","position":2,"name":"\u00c9tudes de cas : droit des successions"}]},{"@type":"WebSite","@id":"https:\/\/loiselleavocats.ca\/en\/#website","url":"https:\/\/loiselleavocats.ca\/en\/","name":"loiselle-avocats","description":"","publisher":{"@id":"https:\/\/loiselleavocats.ca\/en\/#organization"},"potentialAction":[{"@type":"SearchAction","target":{"@type":"EntryPoint","urlTemplate":"https:\/\/loiselleavocats.ca\/en\/?s={search_term_string}"},"query-input":{"@type":"PropertyValueSpecification","valueRequired":true,"valueName":"search_term_string"}}],"inLanguage":"en-CA"},{"@type":"Organization","@id":"https:\/\/loiselleavocats.ca\/en\/#organization","name":"loiselle-avocats","url":"https:\/\/loiselleavocats.ca\/en\/","logo":{"@type":"ImageObject","inLanguage":"en-CA","@id":"https:\/\/loiselleavocats.ca\/en\/#\/schema\/logo\/image\/","url":"https:\/\/loiselleavocats.ca\/wp-content\/uploads\/2025\/12\/cropped-LOGO_LOISELLE.JPG-removebg-preview.png","contentUrl":"https:\/\/loiselleavocats.ca\/wp-content\/uploads\/2025\/12\/cropped-LOGO_LOISELLE.JPG-removebg-preview.png","width":567,"height":147,"caption":"loiselle-avocats"},"image":{"@id":"https:\/\/loiselleavocats.ca\/en\/#\/schema\/logo\/image\/"}}]}},"_links":{"self":[{"href":"https:\/\/loiselleavocats.ca\/en\/wp-json\/wp\/v2\/pages\/9634","targetHints":{"allow":["GET"]}}],"collection":[{"href":"https:\/\/loiselleavocats.ca\/en\/wp-json\/wp\/v2\/pages"}],"about":[{"href":"https:\/\/loiselleavocats.ca\/en\/wp-json\/wp\/v2\/types\/page"}],"author":[{"embeddable":true,"href":"https:\/\/loiselleavocats.ca\/en\/wp-json\/wp\/v2\/users\/1"}],"replies":[{"embeddable":true,"href":"https:\/\/loiselleavocats.ca\/en\/wp-json\/wp\/v2\/comments?post=9634"}],"version-history":[{"count":65,"href":"https:\/\/loiselleavocats.ca\/en\/wp-json\/wp\/v2\/pages\/9634\/revisions"}],"predecessor-version":[{"id":10086,"href":"https:\/\/loiselleavocats.ca\/en\/wp-json\/wp\/v2\/pages\/9634\/revisions\/10086"}],"wp:attachment":[{"href":"https:\/\/loiselleavocats.ca\/en\/wp-json\/wp\/v2\/media?parent=9634"}],"curies":[{"name":"wp","href":"https:\/\/api.w.org\/{rel}","templated":true}]}}