{"id":8639,"date":"2025-12-05T19:53:11","date_gmt":"2025-12-05T18:53:11","guid":{"rendered":"http:\/\/loisel-avocats.local\/?page_id=8639"},"modified":"2026-02-04T15:26:19","modified_gmt":"2026-02-04T14:26:19","slug":"droit-des-successions","status":"publish","type":"page","link":"https:\/\/loiselleavocats.ca\/en\/droit-des-successions\/","title":{"rendered":"Droit des\u00a0personnes et\u00a0successions"},"content":{"rendered":"<div data-elementor-type=\"wp-page\" data-elementor-id=\"8639\" class=\"elementor elementor-8639\" data-elementor-post-type=\"page\">\n\t\t\t\t<div class=\"elementor-element elementor-element-47f0a44f e-flex e-con-boxed e-con e-parent\" data-id=\"47f0a44f\" data-element_type=\"container\" data-e-type=\"container\" data-settings=\"{&quot;background_background&quot;:&quot;classic&quot;}\">\n\t\t\t\t\t<div class=\"e-con-inner\">\n\t\t\t\t<div class=\"elementor-element elementor-element-d89fd56 elementor-widget elementor-widget-heading\" data-id=\"d89fd56\" data-element_type=\"widget\" data-e-type=\"widget\" data-widget_type=\"heading.default\">\n\t\t\t\t\t<h2 class=\"elementor-heading-title elementor-size-default\">Estate and personal law<\/h2>\t\t\t\t<\/div>\n\t\t\t\t<div class=\"elementor-element elementor-element-17e6bb6 elementor-widget elementor-widget-image\" data-id=\"17e6bb6\" data-element_type=\"widget\" data-e-type=\"widget\" data-widget_type=\"image.default\">\n\t\t\t\t\t\t\t\t\t\t\t\t\t\t\t<img fetchpriority=\"high\" decoding=\"async\" width=\"640\" height=\"217\" src=\"https:\/\/loiselleavocats.ca\/wp-content\/uploads\/2025\/12\/lawfirmfeature-e1766084381180-1-1024x347.jpg\" class=\"attachment-large size-large wp-image-9725\" alt=\"\" srcset=\"https:\/\/loiselleavocats.ca\/wp-content\/uploads\/2025\/12\/lawfirmfeature-e1766084381180-1-1024x347.jpg 1024w, https:\/\/loiselleavocats.ca\/wp-content\/uploads\/2025\/12\/lawfirmfeature-e1766084381180-1-300x102.jpg 300w, https:\/\/loiselleavocats.ca\/wp-content\/uploads\/2025\/12\/lawfirmfeature-e1766084381180-1-768x260.jpg 768w, https:\/\/loiselleavocats.ca\/wp-content\/uploads\/2025\/12\/lawfirmfeature-e1766084381180-1-1536x520.jpg 1536w, https:\/\/loiselleavocats.ca\/wp-content\/uploads\/2025\/12\/lawfirmfeature-e1766084381180-1-600x203.jpg 600w, https:\/\/loiselleavocats.ca\/wp-content\/uploads\/2025\/12\/lawfirmfeature-e1766084381180-1.jpg 1920w\" sizes=\"(max-width: 640px) 100vw, 640px\" \/>\t\t\t\t\t\t\t\t\t\t\t\t\t\t\t<\/div>\n\t\t\t\t<div class=\"elementor-element elementor-element-3973b99f elementor-widget elementor-widget-text-editor\" data-id=\"3973b99f\" data-element_type=\"widget\" data-e-type=\"widget\" data-widget_type=\"text-editor.default\">\n\t\t\t\t\t\t\t\t\t<p>The firm advises and represents clients in multiple matters related to personal law and estate law, including:<\/p><ul><li>Settlement of contested successions<\/li><li>Challenge of wills or mandates<\/li><li>Opening of protective supervision<\/li><li>Request for accounting and inventory<\/li><li>Request for accounting and inventory<\/li><li>Trusts<\/li><li>International successions<\/li><\/ul>\t\t\t\t\t\t\t\t<\/div>\n\t\t\t\t\t<\/div>\n\t\t\t\t<\/div>\n\t\t\t\t<\/div>","protected":false},"excerpt":{"rendered":"<p>Droit des personnes et successions Nous\u00a0conseillons\u00a0et repr\u00e9sentons la client\u00e8le dans de multiples enjeux en droit\u00a0des personnes et droit successoral,\u00a0notamment\u202f: R\u00e8glement de succession litigieuse Contestation de testament ou de mandat Ouverture de r\u00e9gime de protection Demande en reddition de compte et inventaire V\u00e9rification de testaments olographes ou devant t\u00e9moins Fiducies Succession internationale<\/p>","protected":false},"author":1,"featured_media":0,"parent":0,"menu_order":0,"comment_status":"closed","ping_status":"closed","template":"elementor_header_footer","meta":{"_acf_changed":false,"footnotes":""},"class_list":["post-8639","page","type-page","status-publish","hentry"],"acf":[],"yoast_head":"<!-- This site is optimized with the Yoast SEO plugin v27.4 - https:\/\/yoast.com\/product\/yoast-seo-wordpress\/ -->\n<title>Droit des\u00a0personnes et\u00a0successions - loiselle-avocats<\/title>\n<meta name=\"robots\" content=\"index, follow, max-snippet:-1, max-image-preview:large, max-video-preview:-1\" \/>\n<link rel=\"canonical\" href=\"https:\/\/loiselleavocats.ca\/en\/droit-des-successions\/\" \/>\n<meta property=\"og:locale\" content=\"en_US\" \/>\n<meta property=\"og:type\" content=\"article\" \/>\n<meta property=\"og:title\" content=\"Droit des\u00a0personnes et\u00a0successions - loiselle-avocats\" \/>\n<meta property=\"og:description\" content=\"Droit des personnes et successions Nous\u00a0conseillons\u00a0et repr\u00e9sentons la client\u00e8le dans de multiples enjeux en droit\u00a0des personnes et droit successoral,\u00a0notamment\u202f: R\u00e8glement de succession litigieuse Contestation de testament ou de mandat Ouverture de r\u00e9gime de protection Demande en reddition de compte et inventaire V\u00e9rification de testaments olographes ou devant t\u00e9moins Fiducies Succession internationale\" \/>\n<meta property=\"og:url\" content=\"https:\/\/loiselleavocats.ca\/en\/droit-des-successions\/\" \/>\n<meta property=\"og:site_name\" content=\"loiselle-avocats\" \/>\n<meta property=\"article:modified_time\" content=\"2026-02-04T14:26:19+00:00\" \/>\n<meta property=\"og:image\" content=\"https:\/\/loiselleavocats.ca\/wp-content\/uploads\/2025\/12\/lawfirmfeature-e1766084381180-1-1024x347.jpg\" \/>\n<meta name=\"twitter:card\" content=\"summary_large_image\" \/>\n<meta name=\"twitter:label1\" content=\"Est. reading time\" \/>\n\t<meta name=\"twitter:data1\" content=\"1 minute\" \/>\n<script type=\"application\/ld+json\" class=\"yoast-schema-graph\">{\"@context\":\"https:\\\/\\\/schema.org\",\"@graph\":[{\"@type\":\"WebPage\",\"@id\":\"https:\\\/\\\/loiselleavocats.ca\\\/en\\\/droit-des-successions\\\/\",\"url\":\"https:\\\/\\\/loiselleavocats.ca\\\/en\\\/droit-des-successions\\\/\",\"name\":\"Droit des\u00a0personnes et\u00a0successions - loiselle-avocats\",\"isPartOf\":{\"@id\":\"https:\\\/\\\/loiselleavocats.ca\\\/en\\\/#website\"},\"primaryImageOfPage\":{\"@id\":\"https:\\\/\\\/loiselleavocats.ca\\\/en\\\/droit-des-successions\\\/#primaryimage\"},\"image\":{\"@id\":\"https:\\\/\\\/loiselleavocats.ca\\\/en\\\/droit-des-successions\\\/#primaryimage\"},\"thumbnailUrl\":\"https:\\\/\\\/loiselleavocats.ca\\\/wp-content\\\/uploads\\\/2025\\\/12\\\/lawfirmfeature-e1766084381180-1-1024x347.jpg\",\"datePublished\":\"2025-12-05T18:53:11+00:00\",\"dateModified\":\"2026-02-04T14:26:19+00:00\",\"breadcrumb\":{\"@id\":\"https:\\\/\\\/loiselleavocats.ca\\\/en\\\/droit-des-successions\\\/#breadcrumb\"},\"inLanguage\":\"en-CA\",\"potentialAction\":[{\"@type\":\"ReadAction\",\"target\":[\"https:\\\/\\\/loiselleavocats.ca\\\/en\\\/droit-des-successions\\\/\"]}]},{\"@type\":\"ImageObject\",\"inLanguage\":\"en-CA\",\"@id\":\"https:\\\/\\\/loiselleavocats.ca\\\/en\\\/droit-des-successions\\\/#primaryimage\",\"url\":\"https:\\\/\\\/loiselleavocats.ca\\\/wp-content\\\/uploads\\\/2025\\\/12\\\/lawfirmfeature-e1766084381180-1-1024x347.jpg\",\"contentUrl\":\"https:\\\/\\\/loiselleavocats.ca\\\/wp-content\\\/uploads\\\/2025\\\/12\\\/lawfirmfeature-e1766084381180-1-1024x347.jpg\"},{\"@type\":\"BreadcrumbList\",\"@id\":\"https:\\\/\\\/loiselleavocats.ca\\\/en\\\/droit-des-successions\\\/#breadcrumb\",\"itemListElement\":[{\"@type\":\"ListItem\",\"position\":1,\"name\":\"Accueil\",\"item\":\"https:\\\/\\\/loiselleavocats.ca\\\/en\\\/\"},{\"@type\":\"ListItem\",\"position\":2,\"name\":\"Droit des\u00a0personnes et\u00a0successions\"}]},{\"@type\":\"WebSite\",\"@id\":\"https:\\\/\\\/loiselleavocats.ca\\\/en\\\/#website\",\"url\":\"https:\\\/\\\/loiselleavocats.ca\\\/en\\\/\",\"name\":\"loiselle-avocats\",\"description\":\"\",\"publisher\":{\"@id\":\"https:\\\/\\\/loiselleavocats.ca\\\/en\\\/#organization\"},\"potentialAction\":[{\"@type\":\"SearchAction\",\"target\":{\"@type\":\"EntryPoint\",\"urlTemplate\":\"https:\\\/\\\/loiselleavocats.ca\\\/en\\\/?s={search_term_string}\"},\"query-input\":{\"@type\":\"PropertyValueSpecification\",\"valueRequired\":true,\"valueName\":\"search_term_string\"}}],\"inLanguage\":\"en-CA\"},{\"@type\":\"Organization\",\"@id\":\"https:\\\/\\\/loiselleavocats.ca\\\/en\\\/#organization\",\"name\":\"loiselle-avocats\",\"url\":\"https:\\\/\\\/loiselleavocats.ca\\\/en\\\/\",\"logo\":{\"@type\":\"ImageObject\",\"inLanguage\":\"en-CA\",\"@id\":\"https:\\\/\\\/loiselleavocats.ca\\\/en\\\/#\\\/schema\\\/logo\\\/image\\\/\",\"url\":\"https:\\\/\\\/loiselleavocats.ca\\\/wp-content\\\/uploads\\\/2025\\\/12\\\/cropped-LOGO_LOISELLE.JPG-removebg-preview.png\",\"contentUrl\":\"https:\\\/\\\/loiselleavocats.ca\\\/wp-content\\\/uploads\\\/2025\\\/12\\\/cropped-LOGO_LOISELLE.JPG-removebg-preview.png\",\"width\":567,\"height\":147,\"caption\":\"loiselle-avocats\"},\"image\":{\"@id\":\"https:\\\/\\\/loiselleavocats.ca\\\/en\\\/#\\\/schema\\\/logo\\\/image\\\/\"}}]}<\/script>\n<!-- \/ Yoast SEO plugin. -->","yoast_head_json":{"title":"Droit des\u00a0personnes et\u00a0successions - loiselle-avocats","robots":{"index":"index","follow":"follow","max-snippet":"max-snippet:-1","max-image-preview":"max-image-preview:large","max-video-preview":"max-video-preview:-1"},"canonical":"https:\/\/loiselleavocats.ca\/en\/droit-des-successions\/","og_locale":"en_US","og_type":"article","og_title":"Droit des\u00a0personnes et\u00a0successions - loiselle-avocats","og_description":"Droit des personnes et successions Nous\u00a0conseillons\u00a0et repr\u00e9sentons la client\u00e8le dans de multiples enjeux en droit\u00a0des personnes et droit successoral,\u00a0notamment\u202f: R\u00e8glement de succession litigieuse Contestation de testament ou de mandat Ouverture de r\u00e9gime de protection Demande en reddition de compte et inventaire V\u00e9rification de testaments olographes ou devant t\u00e9moins Fiducies Succession internationale","og_url":"https:\/\/loiselleavocats.ca\/en\/droit-des-successions\/","og_site_name":"loiselle-avocats","article_modified_time":"2026-02-04T14:26:19+00:00","og_image":[{"url":"https:\/\/loiselleavocats.ca\/wp-content\/uploads\/2025\/12\/lawfirmfeature-e1766084381180-1-1024x347.jpg","type":"","width":"","height":""}],"twitter_card":"summary_large_image","twitter_misc":{"Est. reading time":"1 minute"},"schema":{"@context":"https:\/\/schema.org","@graph":[{"@type":"WebPage","@id":"https:\/\/loiselleavocats.ca\/en\/droit-des-successions\/","url":"https:\/\/loiselleavocats.ca\/en\/droit-des-successions\/","name":"Droit des\u00a0personnes et\u00a0successions - loiselle-avocats","isPartOf":{"@id":"https:\/\/loiselleavocats.ca\/en\/#website"},"primaryImageOfPage":{"@id":"https:\/\/loiselleavocats.ca\/en\/droit-des-successions\/#primaryimage"},"image":{"@id":"https:\/\/loiselleavocats.ca\/en\/droit-des-successions\/#primaryimage"},"thumbnailUrl":"https:\/\/loiselleavocats.ca\/wp-content\/uploads\/2025\/12\/lawfirmfeature-e1766084381180-1-1024x347.jpg","datePublished":"2025-12-05T18:53:11+00:00","dateModified":"2026-02-04T14:26:19+00:00","breadcrumb":{"@id":"https:\/\/loiselleavocats.ca\/en\/droit-des-successions\/#breadcrumb"},"inLanguage":"en-CA","potentialAction":[{"@type":"ReadAction","target":["https:\/\/loiselleavocats.ca\/en\/droit-des-successions\/"]}]},{"@type":"ImageObject","inLanguage":"en-CA","@id":"https:\/\/loiselleavocats.ca\/en\/droit-des-successions\/#primaryimage","url":"https:\/\/loiselleavocats.ca\/wp-content\/uploads\/2025\/12\/lawfirmfeature-e1766084381180-1-1024x347.jpg","contentUrl":"https:\/\/loiselleavocats.ca\/wp-content\/uploads\/2025\/12\/lawfirmfeature-e1766084381180-1-1024x347.jpg"},{"@type":"BreadcrumbList","@id":"https:\/\/loiselleavocats.ca\/en\/droit-des-successions\/#breadcrumb","itemListElement":[{"@type":"ListItem","position":1,"name":"Accueil","item":"https:\/\/loiselleavocats.ca\/en\/"},{"@type":"ListItem","position":2,"name":"Droit des\u00a0personnes et\u00a0successions"}]},{"@type":"WebSite","@id":"https:\/\/loiselleavocats.ca\/en\/#website","url":"https:\/\/loiselleavocats.ca\/en\/","name":"loiselle-avocats","description":"","publisher":{"@id":"https:\/\/loiselleavocats.ca\/en\/#organization"},"potentialAction":[{"@type":"SearchAction","target":{"@type":"EntryPoint","urlTemplate":"https:\/\/loiselleavocats.ca\/en\/?s={search_term_string}"},"query-input":{"@type":"PropertyValueSpecification","valueRequired":true,"valueName":"search_term_string"}}],"inLanguage":"en-CA"},{"@type":"Organization","@id":"https:\/\/loiselleavocats.ca\/en\/#organization","name":"loiselle-avocats","url":"https:\/\/loiselleavocats.ca\/en\/","logo":{"@type":"ImageObject","inLanguage":"en-CA","@id":"https:\/\/loiselleavocats.ca\/en\/#\/schema\/logo\/image\/","url":"https:\/\/loiselleavocats.ca\/wp-content\/uploads\/2025\/12\/cropped-LOGO_LOISELLE.JPG-removebg-preview.png","contentUrl":"https:\/\/loiselleavocats.ca\/wp-content\/uploads\/2025\/12\/cropped-LOGO_LOISELLE.JPG-removebg-preview.png","width":567,"height":147,"caption":"loiselle-avocats"},"image":{"@id":"https:\/\/loiselleavocats.ca\/en\/#\/schema\/logo\/image\/"}}]}},"_links":{"self":[{"href":"https:\/\/loiselleavocats.ca\/en\/wp-json\/wp\/v2\/pages\/8639","targetHints":{"allow":["GET"]}}],"collection":[{"href":"https:\/\/loiselleavocats.ca\/en\/wp-json\/wp\/v2\/pages"}],"about":[{"href":"https:\/\/loiselleavocats.ca\/en\/wp-json\/wp\/v2\/types\/page"}],"author":[{"embeddable":true,"href":"https:\/\/loiselleavocats.ca\/en\/wp-json\/wp\/v2\/users\/1"}],"replies":[{"embeddable":true,"href":"https:\/\/loiselleavocats.ca\/en\/wp-json\/wp\/v2\/comments?post=8639"}],"version-history":[{"count":79,"href":"https:\/\/loiselleavocats.ca\/en\/wp-json\/wp\/v2\/pages\/8639\/revisions"}],"predecessor-version":[{"id":10108,"href":"https:\/\/loiselleavocats.ca\/en\/wp-json\/wp\/v2\/pages\/8639\/revisions\/10108"}],"wp:attachment":[{"href":"https:\/\/loiselleavocats.ca\/en\/wp-json\/wp\/v2\/media?parent=8639"}],"curies":[{"name":"wp","href":"https:\/\/api.w.org\/{rel}","templated":true}]}}