{"id":8429,"date":"2025-12-04T13:12:12","date_gmt":"2025-12-04T12:12:12","guid":{"rendered":"http:\/\/loisel-avocats.local\/?page_id=8429"},"modified":"2025-12-26T15:49:06","modified_gmt":"2025-12-26T14:49:06","slug":"mme-lauren-vincent","status":"publish","type":"page","link":"https:\/\/loiselleavocats.ca\/en\/mme-lauren-vincent\/","title":{"rendered":"Ms Lauren Vincent"},"content":{"rendered":"<div data-elementor-type=\"wp-page\" data-elementor-id=\"8429\" class=\"elementor elementor-8429\" data-elementor-post-type=\"page\">\n\t\t\t\t<div class=\"elementor-element elementor-element-9173607 e-grid e-con-boxed e-con e-parent\" data-id=\"9173607\" data-element_type=\"container\" data-e-type=\"container\">\n\t\t\t\t\t<div class=\"e-con-inner\">\n\t\t\t\t<div class=\"elementor-element elementor-element-b165434 elementor-widget__width-auto elementor-widget elementor-widget-image\" data-id=\"b165434\" data-element_type=\"widget\" data-e-type=\"widget\" data-widget_type=\"image.default\">\n\t\t\t\t\t\t\t\t\t\t\t\t<figure class=\"wp-caption\">\n\t\t\t\t\t\t\t\t\t\t<img fetchpriority=\"high\" decoding=\"async\" width=\"640\" height=\"962\" src=\"https:\/\/loiselleavocats.ca\/wp-content\/uploads\/2025\/12\/1AC1159_Pour_Facebook-681x1024.jpg\" class=\"attachment-large size-large wp-image-8495\" alt=\"\" srcset=\"https:\/\/loiselleavocats.ca\/wp-content\/uploads\/2025\/12\/1AC1159_Pour_Facebook-681x1024.jpg 681w, https:\/\/loiselleavocats.ca\/wp-content\/uploads\/2025\/12\/1AC1159_Pour_Facebook-200x300.jpg 200w, https:\/\/loiselleavocats.ca\/wp-content\/uploads\/2025\/12\/1AC1159_Pour_Facebook-768x1154.jpg 768w, https:\/\/loiselleavocats.ca\/wp-content\/uploads\/2025\/12\/1AC1159_Pour_Facebook-600x902.jpg 600w, https:\/\/loiselleavocats.ca\/wp-content\/uploads\/2025\/12\/1AC1159_Pour_Facebook.jpg 1000w\" sizes=\"(max-width: 640px) 100vw, 640px\" \/>\t\t\t\t\t\t\t\t\t\t\t<figcaption class=\"widget-image-caption wp-caption-text\">Legal and Administrative Coordinator<\/figcaption>\n\t\t\t\t\t\t\t\t\t\t<\/figure>\n\t\t\t\t\t\t\t\t\t<\/div>\n\t\t\t\t<div class=\"elementor-element elementor-element-cbbb4f9 elementor-widget elementor-widget-text-editor\" data-id=\"cbbb4f9\" data-element_type=\"widget\" data-e-type=\"widget\" data-widget_type=\"text-editor.default\">\n\t\t\t\t\t\t\t\t\t<h3><strong>Ms Lauren Vincent<\/strong><\/h3><p>Lauren Vincent has served as legal and administrative assistant with the firm for four years. She ensures the daily coordination of files, prepares and organizes legal documentation, and supports the lawyers in their mandates. Thanks to her rigour, organizational skills, and empathetic approach, she helps deliver seamless, professional service centred on client needs. Her priority: to facilitate the team's work and support clients with efficiency and care.<\/p>\t\t\t\t\t\t\t\t<\/div>\n\t\t\t\t\t<\/div>\n\t\t\t\t<\/div>\n\t\t\t\t<\/div>","protected":false},"excerpt":{"rendered":"<p>Adjointe juridique et administrative Mme Lauren Vincent Lauren Vincent occupe le poste d\u2019adjointe administrative et juridique au sein du cabinet depuis 4 ans. Elle assure la coordination quotidienne des dossiers, pr\u00e9pare et organise la documentation l\u00e9gale, et soutient les avocats dans leurs mandats. Gr\u00e2ce \u00e0 sa rigueur, son sens de l\u2019organisation et son approche empathique, [&hellip;]<\/p>\n","protected":false},"author":1,"featured_media":0,"parent":0,"menu_order":0,"comment_status":"closed","ping_status":"closed","template":"elementor_header_footer","meta":{"_acf_changed":false,"footnotes":""},"class_list":["post-8429","page","type-page","status-publish","hentry"],"acf":[],"yoast_head":"<!-- This site is optimized with the Yoast SEO plugin v27.4 - https:\/\/yoast.com\/product\/yoast-seo-wordpress\/ -->\n<title>Mme Lauren Vincent - loiselle-avocats<\/title>\n<meta name=\"robots\" content=\"index, follow, max-snippet:-1, max-image-preview:large, max-video-preview:-1\" \/>\n<link rel=\"canonical\" href=\"https:\/\/loiselleavocats.ca\/en\/mme-lauren-vincent\/\" \/>\n<meta property=\"og:locale\" content=\"en_US\" \/>\n<meta property=\"og:type\" content=\"article\" \/>\n<meta property=\"og:title\" content=\"Mme Lauren Vincent - loiselle-avocats\" \/>\n<meta property=\"og:description\" content=\"Adjointe juridique et administrative Mme Lauren Vincent Lauren Vincent occupe le poste d\u2019adjointe administrative et juridique au sein du cabinet depuis 4 ans. Elle assure la coordination quotidienne des dossiers, pr\u00e9pare et organise la documentation l\u00e9gale, et soutient les avocats dans leurs mandats. Gr\u00e2ce \u00e0 sa rigueur, son sens de l\u2019organisation et son approche empathique, [&hellip;]\" \/>\n<meta property=\"og:url\" content=\"https:\/\/loiselleavocats.ca\/en\/mme-lauren-vincent\/\" \/>\n<meta property=\"og:site_name\" content=\"loiselle-avocats\" \/>\n<meta property=\"article:modified_time\" content=\"2025-12-26T14:49:06+00:00\" \/>\n<meta property=\"og:image\" content=\"https:\/\/loiselleavocats.ca\/wp-content\/uploads\/2025\/12\/1AC1159_Pour_Facebook-681x1024.jpg\" \/>\n<meta name=\"twitter:card\" content=\"summary_large_image\" \/>\n<script type=\"application\/ld+json\" class=\"yoast-schema-graph\">{\"@context\":\"https:\\\/\\\/schema.org\",\"@graph\":[{\"@type\":\"WebPage\",\"@id\":\"https:\\\/\\\/loiselleavocats.ca\\\/en\\\/mme-lauren-vincent\\\/\",\"url\":\"https:\\\/\\\/loiselleavocats.ca\\\/en\\\/mme-lauren-vincent\\\/\",\"name\":\"Mme Lauren Vincent - loiselle-avocats\",\"isPartOf\":{\"@id\":\"https:\\\/\\\/loiselleavocats.ca\\\/en\\\/#website\"},\"primaryImageOfPage\":{\"@id\":\"https:\\\/\\\/loiselleavocats.ca\\\/en\\\/mme-lauren-vincent\\\/#primaryimage\"},\"image\":{\"@id\":\"https:\\\/\\\/loiselleavocats.ca\\\/en\\\/mme-lauren-vincent\\\/#primaryimage\"},\"thumbnailUrl\":\"https:\\\/\\\/loiselleavocats.ca\\\/wp-content\\\/uploads\\\/2025\\\/12\\\/1AC1159_Pour_Facebook-681x1024.jpg\",\"datePublished\":\"2025-12-04T12:12:12+00:00\",\"dateModified\":\"2025-12-26T14:49:06+00:00\",\"breadcrumb\":{\"@id\":\"https:\\\/\\\/loiselleavocats.ca\\\/en\\\/mme-lauren-vincent\\\/#breadcrumb\"},\"inLanguage\":\"en-CA\",\"potentialAction\":[{\"@type\":\"ReadAction\",\"target\":[\"https:\\\/\\\/loiselleavocats.ca\\\/en\\\/mme-lauren-vincent\\\/\"]}]},{\"@type\":\"ImageObject\",\"inLanguage\":\"en-CA\",\"@id\":\"https:\\\/\\\/loiselleavocats.ca\\\/en\\\/mme-lauren-vincent\\\/#primaryimage\",\"url\":\"https:\\\/\\\/loiselleavocats.ca\\\/wp-content\\\/uploads\\\/2025\\\/12\\\/1AC1159_Pour_Facebook-681x1024.jpg\",\"contentUrl\":\"https:\\\/\\\/loiselleavocats.ca\\\/wp-content\\\/uploads\\\/2025\\\/12\\\/1AC1159_Pour_Facebook-681x1024.jpg\"},{\"@type\":\"BreadcrumbList\",\"@id\":\"https:\\\/\\\/loiselleavocats.ca\\\/en\\\/mme-lauren-vincent\\\/#breadcrumb\",\"itemListElement\":[{\"@type\":\"ListItem\",\"position\":1,\"name\":\"Accueil\",\"item\":\"https:\\\/\\\/loiselleavocats.ca\\\/en\\\/\"},{\"@type\":\"ListItem\",\"position\":2,\"name\":\"Mme Lauren Vincent\"}]},{\"@type\":\"WebSite\",\"@id\":\"https:\\\/\\\/loiselleavocats.ca\\\/en\\\/#website\",\"url\":\"https:\\\/\\\/loiselleavocats.ca\\\/en\\\/\",\"name\":\"loiselle-avocats\",\"description\":\"\",\"publisher\":{\"@id\":\"https:\\\/\\\/loiselleavocats.ca\\\/en\\\/#organization\"},\"potentialAction\":[{\"@type\":\"SearchAction\",\"target\":{\"@type\":\"EntryPoint\",\"urlTemplate\":\"https:\\\/\\\/loiselleavocats.ca\\\/en\\\/?s={search_term_string}\"},\"query-input\":{\"@type\":\"PropertyValueSpecification\",\"valueRequired\":true,\"valueName\":\"search_term_string\"}}],\"inLanguage\":\"en-CA\"},{\"@type\":\"Organization\",\"@id\":\"https:\\\/\\\/loiselleavocats.ca\\\/en\\\/#organization\",\"name\":\"loiselle-avocats\",\"url\":\"https:\\\/\\\/loiselleavocats.ca\\\/en\\\/\",\"logo\":{\"@type\":\"ImageObject\",\"inLanguage\":\"en-CA\",\"@id\":\"https:\\\/\\\/loiselleavocats.ca\\\/en\\\/#\\\/schema\\\/logo\\\/image\\\/\",\"url\":\"https:\\\/\\\/loiselleavocats.ca\\\/wp-content\\\/uploads\\\/2025\\\/12\\\/cropped-LOGO_LOISELLE.JPG-removebg-preview.png\",\"contentUrl\":\"https:\\\/\\\/loiselleavocats.ca\\\/wp-content\\\/uploads\\\/2025\\\/12\\\/cropped-LOGO_LOISELLE.JPG-removebg-preview.png\",\"width\":567,\"height\":147,\"caption\":\"loiselle-avocats\"},\"image\":{\"@id\":\"https:\\\/\\\/loiselleavocats.ca\\\/en\\\/#\\\/schema\\\/logo\\\/image\\\/\"}}]}<\/script>\n<!-- \/ Yoast SEO plugin. -->","yoast_head_json":{"title":"Mme Lauren Vincent - loiselle-avocats","robots":{"index":"index","follow":"follow","max-snippet":"max-snippet:-1","max-image-preview":"max-image-preview:large","max-video-preview":"max-video-preview:-1"},"canonical":"https:\/\/loiselleavocats.ca\/en\/mme-lauren-vincent\/","og_locale":"en_US","og_type":"article","og_title":"Mme Lauren Vincent - loiselle-avocats","og_description":"Adjointe juridique et administrative Mme Lauren Vincent Lauren Vincent occupe le poste d\u2019adjointe administrative et juridique au sein du cabinet depuis 4 ans. Elle assure la coordination quotidienne des dossiers, pr\u00e9pare et organise la documentation l\u00e9gale, et soutient les avocats dans leurs mandats. Gr\u00e2ce \u00e0 sa rigueur, son sens de l\u2019organisation et son approche empathique, [&hellip;]","og_url":"https:\/\/loiselleavocats.ca\/en\/mme-lauren-vincent\/","og_site_name":"loiselle-avocats","article_modified_time":"2025-12-26T14:49:06+00:00","og_image":[{"url":"https:\/\/loiselleavocats.ca\/wp-content\/uploads\/2025\/12\/1AC1159_Pour_Facebook-681x1024.jpg","type":"","width":"","height":""}],"twitter_card":"summary_large_image","schema":{"@context":"https:\/\/schema.org","@graph":[{"@type":"WebPage","@id":"https:\/\/loiselleavocats.ca\/en\/mme-lauren-vincent\/","url":"https:\/\/loiselleavocats.ca\/en\/mme-lauren-vincent\/","name":"Mme Lauren Vincent - loiselle-avocats","isPartOf":{"@id":"https:\/\/loiselleavocats.ca\/en\/#website"},"primaryImageOfPage":{"@id":"https:\/\/loiselleavocats.ca\/en\/mme-lauren-vincent\/#primaryimage"},"image":{"@id":"https:\/\/loiselleavocats.ca\/en\/mme-lauren-vincent\/#primaryimage"},"thumbnailUrl":"https:\/\/loiselleavocats.ca\/wp-content\/uploads\/2025\/12\/1AC1159_Pour_Facebook-681x1024.jpg","datePublished":"2025-12-04T12:12:12+00:00","dateModified":"2025-12-26T14:49:06+00:00","breadcrumb":{"@id":"https:\/\/loiselleavocats.ca\/en\/mme-lauren-vincent\/#breadcrumb"},"inLanguage":"en-CA","potentialAction":[{"@type":"ReadAction","target":["https:\/\/loiselleavocats.ca\/en\/mme-lauren-vincent\/"]}]},{"@type":"ImageObject","inLanguage":"en-CA","@id":"https:\/\/loiselleavocats.ca\/en\/mme-lauren-vincent\/#primaryimage","url":"https:\/\/loiselleavocats.ca\/wp-content\/uploads\/2025\/12\/1AC1159_Pour_Facebook-681x1024.jpg","contentUrl":"https:\/\/loiselleavocats.ca\/wp-content\/uploads\/2025\/12\/1AC1159_Pour_Facebook-681x1024.jpg"},{"@type":"BreadcrumbList","@id":"https:\/\/loiselleavocats.ca\/en\/mme-lauren-vincent\/#breadcrumb","itemListElement":[{"@type":"ListItem","position":1,"name":"Accueil","item":"https:\/\/loiselleavocats.ca\/en\/"},{"@type":"ListItem","position":2,"name":"Mme Lauren Vincent"}]},{"@type":"WebSite","@id":"https:\/\/loiselleavocats.ca\/en\/#website","url":"https:\/\/loiselleavocats.ca\/en\/","name":"loiselle-avocats","description":"","publisher":{"@id":"https:\/\/loiselleavocats.ca\/en\/#organization"},"potentialAction":[{"@type":"SearchAction","target":{"@type":"EntryPoint","urlTemplate":"https:\/\/loiselleavocats.ca\/en\/?s={search_term_string}"},"query-input":{"@type":"PropertyValueSpecification","valueRequired":true,"valueName":"search_term_string"}}],"inLanguage":"en-CA"},{"@type":"Organization","@id":"https:\/\/loiselleavocats.ca\/en\/#organization","name":"loiselle-avocats","url":"https:\/\/loiselleavocats.ca\/en\/","logo":{"@type":"ImageObject","inLanguage":"en-CA","@id":"https:\/\/loiselleavocats.ca\/en\/#\/schema\/logo\/image\/","url":"https:\/\/loiselleavocats.ca\/wp-content\/uploads\/2025\/12\/cropped-LOGO_LOISELLE.JPG-removebg-preview.png","contentUrl":"https:\/\/loiselleavocats.ca\/wp-content\/uploads\/2025\/12\/cropped-LOGO_LOISELLE.JPG-removebg-preview.png","width":567,"height":147,"caption":"loiselle-avocats"},"image":{"@id":"https:\/\/loiselleavocats.ca\/en\/#\/schema\/logo\/image\/"}}]}},"_links":{"self":[{"href":"https:\/\/loiselleavocats.ca\/en\/wp-json\/wp\/v2\/pages\/8429","targetHints":{"allow":["GET"]}}],"collection":[{"href":"https:\/\/loiselleavocats.ca\/en\/wp-json\/wp\/v2\/pages"}],"about":[{"href":"https:\/\/loiselleavocats.ca\/en\/wp-json\/wp\/v2\/types\/page"}],"author":[{"embeddable":true,"href":"https:\/\/loiselleavocats.ca\/en\/wp-json\/wp\/v2\/users\/1"}],"replies":[{"embeddable":true,"href":"https:\/\/loiselleavocats.ca\/en\/wp-json\/wp\/v2\/comments?post=8429"}],"version-history":[{"count":150,"href":"https:\/\/loiselleavocats.ca\/en\/wp-json\/wp\/v2\/pages\/8429\/revisions"}],"predecessor-version":[{"id":9932,"href":"https:\/\/loiselleavocats.ca\/en\/wp-json\/wp\/v2\/pages\/8429\/revisions\/9932"}],"wp:attachment":[{"href":"https:\/\/loiselleavocats.ca\/en\/wp-json\/wp\/v2\/media?parent=8429"}],"curies":[{"name":"wp","href":"https:\/\/api.w.org\/{rel}","templated":true}]}}