{"id":1927,"date":"2024-04-23T10:52:16","date_gmt":"2024-04-23T10:52:16","guid":{"rendered":"https:\/\/designingmedia.com\/lawfinity\/?page_id=1927"},"modified":"2026-01-23T17:06:07","modified_gmt":"2026-01-23T16:06:07","slug":"contact","status":"publish","type":"page","link":"https:\/\/loiselleavocats.ca\/en\/contact\/","title":{"rendered":"Contact"},"content":{"rendered":"<div data-elementor-type=\"wp-page\" data-elementor-id=\"1927\" class=\"elementor elementor-1927\" data-elementor-post-type=\"page\">\n\t\t\t\t<div class=\"elementor-element elementor-element-67ca3505 e-flex e-con-boxed e-con e-parent\" data-id=\"67ca3505\" data-element_type=\"container\" data-e-type=\"container\" data-settings=\"{&quot;background_background&quot;:&quot;classic&quot;}\">\n\t\t\t\t\t<div class=\"e-con-inner\">\n\t\t<div class=\"elementor-element elementor-element-23421a91 e-flex e-con-boxed e-con e-child\" data-id=\"23421a91\" data-element_type=\"container\" data-e-type=\"container\">\n\t\t\t\t\t<div class=\"e-con-inner\">\n\t\t<div class=\"elementor-element elementor-element-47eb1fe3 e-flex e-con-boxed e-con e-child\" data-id=\"47eb1fe3\" data-element_type=\"container\" data-e-type=\"container\">\n\t\t\t\t\t<div class=\"e-con-inner\">\n\t\t<div class=\"elementor-element elementor-element-4b551258 e-flex e-con-boxed e-con e-child\" data-id=\"4b551258\" data-element_type=\"container\" data-e-type=\"container\">\n\t\t\t\t\t<div class=\"e-con-inner\">\n\t\t\t\t<div class=\"elementor-element elementor-element-37f16c50 elementor-widget elementor-widget-image\" data-id=\"37f16c50\" data-element_type=\"widget\" data-e-type=\"widget\" data-widget_type=\"image.default\">\n\t\t\t\t\t\t\t\t\t\t\t\t\t\t\t<img decoding=\"async\" width=\"23\" height=\"2\" src=\"https:\/\/loiselleavocats.ca\/wp-content\/uploads\/2024\/04\/line-img-1.jpg\" class=\"attachment-full size-full wp-image-31\" alt=\"\" \/>\t\t\t\t\t\t\t\t\t\t\t\t\t\t\t<\/div>\n\t\t\t\t\t<\/div>\n\t\t\t\t<\/div>\n\t\t\t\t<div class=\"elementor-element elementor-element-3f4f7d70 elementor-widget elementor-widget-heading\" data-id=\"3f4f7d70\" data-element_type=\"widget\" data-e-type=\"widget\" data-widget_type=\"heading.default\">\n\t\t\t\t\t<h2 class=\"elementor-heading-title elementor-size-default\">CONTACT INFORMATION<\/h2>\t\t\t\t<\/div>\n\t\t\t\t<div class=\"elementor-element elementor-element-79b1388d elementor-widget elementor-widget-text-editor\" data-id=\"79b1388d\" data-element_type=\"widget\" data-e-type=\"widget\" data-widget_type=\"text-editor.default\">\n\t\t\t\t\t\t\t\t\t<div id=\"row_SECTION_KHWQ2Z91A1\" class=\"row contain-to-grid\"><div id=\"col_COLUMN_A7TP0M1678\" class=\"large-24 columns\"><div id=\"text_BLOCK_EV1NF1WBC1\" class=\"block-text blk-text\"><div><p>We are available to answer any additional questions<\/p><\/div><\/div><\/div><\/div>\t\t\t\t\t\t\t\t<\/div>\n\t\t\t\t\t<\/div>\n\t\t\t\t<\/div>\n\t\t<div class=\"elementor-element elementor-element-2c4c86c0 e-con-full e-flex elementor-invisible e-con e-child\" data-id=\"2c4c86c0\" data-element_type=\"container\" data-e-type=\"container\" data-settings=\"{&quot;animation&quot;:&quot;fadeInUp&quot;}\">\n\t\t<div class=\"elementor-element elementor-element-56598136 e-con-full e-flex e-con e-child\" data-id=\"56598136\" data-element_type=\"container\" data-e-type=\"container\" data-settings=\"{&quot;background_background&quot;:&quot;classic&quot;}\">\n\t\t\t\t<div class=\"elementor-element elementor-element-52570ff1 elementor-view-default elementor-position-block-start elementor-mobile-position-block-start elementor-widget elementor-widget-icon-box\" data-id=\"52570ff1\" data-element_type=\"widget\" data-e-type=\"widget\" data-widget_type=\"icon-box.default\">\n\t\t\t\t\t\t\t<div class=\"elementor-icon-box-wrapper\">\n\n\t\t\t\t\t\t<div class=\"elementor-icon-box-icon\">\n\t\t\t\t<span  class=\"elementor-icon\">\n\t\t\t\t<svg aria-hidden=\"true\" class=\"e-font-icon-svg e-fas-map-pin\" viewbox=\"0 0 288 512\" xmlns=\"http:\/\/www.w3.org\/2000\/svg\"><path d=\"M112 316.94v156.69l22.02 33.02c4.75 7.12 15.22 7.12 19.97 0L176 473.63V316.94c-10.39 1.92-21.06 3.06-32 3.06s-21.61-1.14-32-3.06zM144 0C64.47 0 0 64.47 0 144s64.47 144 144 144 144-64.47 144-144S223.53 0 144 0zm0 76c-37.5 0-68 30.5-68 68 0 6.62-5.38 12-12 12s-12-5.38-12-12c0-50.73 41.28-92 92-92 6.62 0 12 5.38 12 12s-5.38 12-12 12z\"><\/path><\/svg>\t\t\t\t<\/span>\n\t\t\t<\/div>\n\t\t\t\n\t\t\t\t\t\t<div class=\"elementor-icon-box-content\">\n\n\t\t\t\t\t\t\t\t\t<h5 class=\"elementor-icon-box-title\">\n\t\t\t\t\t\t<span  >\n\t\t\t\t\t\t\tLOCATION\t\t\t\t\t\t<\/span>\n\t\t\t\t\t<\/h5>\n\t\t\t\t\n\t\t\t\t\t\t\t\t\t<p class=\"elementor-icon-box-description\">\n\t\t\t\t\t\t4950 Verdun Street, Montreal, Canada\t\t\t\t\t<\/p>\n\t\t\t\t\n\t\t\t<\/div>\n\t\t\t\n\t\t<\/div>\n\t\t\t\t\t\t<\/div>\n\t\t\t\t<\/div>\n\t\t<div class=\"elementor-element elementor-element-8098428 e-con-full e-flex e-con e-child\" data-id=\"8098428\" data-element_type=\"container\" data-e-type=\"container\" data-settings=\"{&quot;background_background&quot;:&quot;classic&quot;}\">\n\t\t\t\t<div class=\"elementor-element elementor-element-d01069a elementor-view-default elementor-position-block-start elementor-mobile-position-block-start elementor-widget elementor-widget-icon-box\" data-id=\"d01069a\" data-element_type=\"widget\" data-e-type=\"widget\" data-widget_type=\"icon-box.default\">\n\t\t\t\t\t\t\t<div class=\"elementor-icon-box-wrapper\">\n\n\t\t\t\t\t\t<div class=\"elementor-icon-box-icon\">\n\t\t\t\t<span  class=\"elementor-icon\">\n\t\t\t\t<svg aria-hidden=\"true\" class=\"e-font-icon-svg e-fas-phone-alt\" viewbox=\"0 0 512 512\" xmlns=\"http:\/\/www.w3.org\/2000\/svg\"><path d=\"M497.39 361.8l-112-48a24 24 0 0 0-28 6.9l-49.6 60.6A370.66 370.66 0 0 1 130.6 204.11l60.6-49.6a23.94 23.94 0 0 0 6.9-28l-48-112A24.16 24.16 0 0 0 122.6.61l-104 24A24 24 0 0 0 0 48c0 256.5 207.9 464 464 464a24 24 0 0 0 23.4-18.6l24-104a24.29 24.29 0 0 0-14.01-27.6z\"><\/path><\/svg>\t\t\t\t<\/span>\n\t\t\t<\/div>\n\t\t\t\n\t\t\t\t\t\t<div class=\"elementor-icon-box-content\">\n\n\t\t\t\t\t\t\t\t\t<h5 class=\"elementor-icon-box-title\">\n\t\t\t\t\t\t<span  >\n\t\t\t\t\t\t\tPHONE\t\t\t\t\t\t<\/span>\n\t\t\t\t\t<\/h5>\n\t\t\t\t\n\t\t\t\t\t\t\t\t\t<p class=\"elementor-icon-box-description\">\n\t\t\t\t\t\t+1 514-903-7937<br>_\t\t\t\t\t<\/p>\n\t\t\t\t\n\t\t\t<\/div>\n\t\t\t\n\t\t<\/div>\n\t\t\t\t\t\t<\/div>\n\t\t\t\t<\/div>\n\t\t<div class=\"elementor-element elementor-element-81f2b0b e-con-full e-flex e-con e-child\" data-id=\"81f2b0b\" data-element_type=\"container\" data-e-type=\"container\" data-settings=\"{&quot;background_background&quot;:&quot;classic&quot;}\">\n\t\t\t\t<div class=\"elementor-element elementor-element-6f6bb73 elementor-view-default elementor-position-block-start elementor-mobile-position-block-start elementor-widget elementor-widget-icon-box\" data-id=\"6f6bb73\" data-element_type=\"widget\" data-e-type=\"widget\" data-widget_type=\"icon-box.default\">\n\t\t\t\t\t\t\t<div class=\"elementor-icon-box-wrapper\">\n\n\t\t\t\t\t\t<div class=\"elementor-icon-box-icon\">\n\t\t\t\t<span  class=\"elementor-icon\">\n\t\t\t\t<svg aria-hidden=\"true\" class=\"e-font-icon-svg e-fas-at\" viewbox=\"0 0 512 512\" xmlns=\"http:\/\/www.w3.org\/2000\/svg\"><path d=\"M256 8C118.941 8 8 118.919 8 256c0 137.059 110.919 248 248 248 48.154 0 95.342-14.14 135.408-40.223 12.005-7.815 14.625-24.288 5.552-35.372l-10.177-12.433c-7.671-9.371-21.179-11.667-31.373-5.129C325.92 429.757 291.314 440 256 440c-101.458 0-184-82.542-184-184S154.542 72 256 72c100.139 0 184 57.619 184 160 0 38.786-21.093 79.742-58.17 83.693-17.349-.454-16.91-12.857-13.476-30.024l23.433-121.11C394.653 149.75 383.308 136 368.225 136h-44.981a13.518 13.518 0 0 0-13.432 11.993l-.01.092c-14.697-17.901-40.448-21.775-59.971-21.775-74.58 0-137.831 62.234-137.831 151.46 0 65.303 36.785 105.87 96 105.87 26.984 0 57.369-15.637 74.991-38.333 9.522 34.104 40.613 34.103 70.71 34.103C462.609 379.41 504 307.798 504 232 504 95.653 394.023 8 256 8zm-21.68 304.43c-22.249 0-36.07-15.623-36.07-40.771 0-44.993 30.779-72.729 58.63-72.729 22.292 0 35.601 15.241 35.601 40.77 0 45.061-33.875 72.73-58.161 72.73z\"><\/path><\/svg>\t\t\t\t<\/span>\n\t\t\t<\/div>\n\t\t\t\n\t\t\t\t\t\t<div class=\"elementor-icon-box-content\">\n\n\t\t\t\t\t\t\t\t\t<h5 class=\"elementor-icon-box-title\">\n\t\t\t\t\t\t<span  >\n\t\t\t\t\t\t\tEMAIL ADDRESS\t\t\t\t\t\t<\/span>\n\t\t\t\t\t<\/h5>\n\t\t\t\t\n\t\t\t\t\t\t\t\t\t<p class=\"elementor-icon-box-description\">\n\t\t\t\t\t\tsonia@loiselleavocats.ca<br>_\t\t\t\t\t<\/p>\n\t\t\t\t\n\t\t\t<\/div>\n\t\t\t\n\t\t<\/div>\n\t\t\t\t\t\t<\/div>\n\t\t\t\t<\/div>\n\t\t\t\t<\/div>\n\t\t\t\t\t<\/div>\n\t\t\t\t<\/div>\n\t\t\t\t\t<\/div>\n\t\t\t\t<\/div>\n\t\t<div class=\"elementor-element elementor-element-5fdfc0d8 e-flex e-con-boxed e-con e-parent\" data-id=\"5fdfc0d8\" data-element_type=\"container\" data-e-type=\"container\">\n\t\t\t\t\t<div class=\"e-con-inner\">\n\t\t\t\t<div class=\"elementor-element elementor-element-16b5bc04 elementor-widget elementor-widget-google_maps\" data-id=\"16b5bc04\" data-element_type=\"widget\" data-e-type=\"widget\" data-widget_type=\"google_maps.default\">\n\t\t\t\t\t\t\t<div class=\"elementor-custom-embed\">\n\t\t\t<iframe loading=\"lazy\"\n\t\t\t\t\tsrc=\"https:\/\/maps.google.com\/maps?q=4950%20Rue%20de%20Verdun%2C%20Montr%C3%A9al%2C%20QC%20H4G%201N3%2C%20Canada&#038;t=m&#038;z=20&#038;output=embed&#038;iwloc=near\"\n\t\t\t\t\ttitle=\"4950 Verdun Street, Montreal, QC H4G 1N3, Canada\"\n\t\t\t\t\taria-label=\"4950 Verdun Street, Montreal, QC H4G 1N3, Canada\"\n\t\t\t><\/iframe>\n\t\t<\/div>\n\t\t\t\t\t\t<\/div>\n\t\t\t\t\t<\/div>\n\t\t\t\t<\/div>\n\t\t\t\t<\/div>","protected":false},"excerpt":{"rendered":"<p>NOS INFORMATIONS DE CONTACT Nous restons \u00e0 votre disposition pour toute demande compl\u00e9mentaire LOCALISATION 4950 Rue de Verdun, Montr\u00e9al, Canada NUM\u00c9RO DE T\u00c9L\u00c9PHONE +1 514-903-7937_ ADRESSE E-MAIL sonia@loiselleavocats.ca_<\/p>","protected":false},"author":1,"featured_media":1875,"parent":0,"menu_order":0,"comment_status":"closed","ping_status":"closed","template":"elementor_header_footer","meta":{"_acf_changed":false,"footnotes":""},"class_list":["post-1927","page","type-page","status-publish","has-post-thumbnail","hentry"],"acf":[],"yoast_head":"<!-- This site is optimized with the Yoast SEO plugin v27.4 - https:\/\/yoast.com\/product\/yoast-seo-wordpress\/ -->\n<title>Contact - loiselle-avocats<\/title>\n<meta name=\"robots\" content=\"index, follow, max-snippet:-1, max-image-preview:large, max-video-preview:-1\" \/>\n<link rel=\"canonical\" href=\"https:\/\/loiselleavocats.ca\/en\/contact\/\" \/>\n<meta property=\"og:locale\" content=\"en_US\" \/>\n<meta property=\"og:type\" content=\"article\" \/>\n<meta property=\"og:title\" content=\"Contact - loiselle-avocats\" \/>\n<meta property=\"og:description\" content=\"NOS INFORMATIONS DE CONTACT Nous restons \u00e0 votre disposition pour toute demande compl\u00e9mentaire LOCALISATION 4950 Rue de Verdun, Montr\u00e9al, Canada NUM\u00c9RO DE T\u00c9L\u00c9PHONE +1 514-903-7937_ ADRESSE E-MAIL sonia@loiselleavocats.ca_\" \/>\n<meta property=\"og:url\" content=\"https:\/\/loiselleavocats.ca\/en\/contact\/\" \/>\n<meta property=\"og:site_name\" content=\"loiselle-avocats\" \/>\n<meta property=\"article:modified_time\" content=\"2026-01-23T16:06:07+00:00\" \/>\n<meta property=\"og:image\" content=\"https:\/\/loiselleavocats.ca\/wp-content\/uploads\/2024\/04\/about-01-bg-1-2.jpg\" \/>\n\t<meta property=\"og:image:width\" content=\"1920\" \/>\n\t<meta property=\"og:image:height\" content=\"628\" \/>\n\t<meta property=\"og:image:type\" content=\"image\/jpeg\" \/>\n<meta name=\"twitter:card\" content=\"summary_large_image\" \/>\n<meta name=\"twitter:label1\" content=\"Est. reading time\" \/>\n\t<meta name=\"twitter:data1\" content=\"1 minute\" \/>\n<script type=\"application\/ld+json\" class=\"yoast-schema-graph\">{\"@context\":\"https:\\\/\\\/schema.org\",\"@graph\":[{\"@type\":\"WebPage\",\"@id\":\"https:\\\/\\\/loiselleavocats.ca\\\/en\\\/contact\\\/\",\"url\":\"https:\\\/\\\/loiselleavocats.ca\\\/en\\\/contact\\\/\",\"name\":\"Contact - loiselle-avocats\",\"isPartOf\":{\"@id\":\"https:\\\/\\\/loiselleavocats.ca\\\/en\\\/#website\"},\"primaryImageOfPage\":{\"@id\":\"https:\\\/\\\/loiselleavocats.ca\\\/en\\\/contact\\\/#primaryimage\"},\"image\":{\"@id\":\"https:\\\/\\\/loiselleavocats.ca\\\/en\\\/contact\\\/#primaryimage\"},\"thumbnailUrl\":\"https:\\\/\\\/loiselleavocats.ca\\\/wp-content\\\/uploads\\\/2024\\\/04\\\/about-01-bg-1-2.jpg\",\"datePublished\":\"2024-04-23T10:52:16+00:00\",\"dateModified\":\"2026-01-23T16:06:07+00:00\",\"breadcrumb\":{\"@id\":\"https:\\\/\\\/loiselleavocats.ca\\\/en\\\/contact\\\/#breadcrumb\"},\"inLanguage\":\"en-CA\",\"potentialAction\":[{\"@type\":\"ReadAction\",\"target\":[\"https:\\\/\\\/loiselleavocats.ca\\\/en\\\/contact\\\/\"]}]},{\"@type\":\"ImageObject\",\"inLanguage\":\"en-CA\",\"@id\":\"https:\\\/\\\/loiselleavocats.ca\\\/en\\\/contact\\\/#primaryimage\",\"url\":\"https:\\\/\\\/loiselleavocats.ca\\\/wp-content\\\/uploads\\\/2024\\\/04\\\/about-01-bg-1-2.jpg\",\"contentUrl\":\"https:\\\/\\\/loiselleavocats.ca\\\/wp-content\\\/uploads\\\/2024\\\/04\\\/about-01-bg-1-2.jpg\",\"width\":1920,\"height\":628},{\"@type\":\"BreadcrumbList\",\"@id\":\"https:\\\/\\\/loiselleavocats.ca\\\/en\\\/contact\\\/#breadcrumb\",\"itemListElement\":[{\"@type\":\"ListItem\",\"position\":1,\"name\":\"Accueil\",\"item\":\"https:\\\/\\\/loiselleavocats.ca\\\/en\\\/\"},{\"@type\":\"ListItem\",\"position\":2,\"name\":\"Contact\"}]},{\"@type\":\"WebSite\",\"@id\":\"https:\\\/\\\/loiselleavocats.ca\\\/en\\\/#website\",\"url\":\"https:\\\/\\\/loiselleavocats.ca\\\/en\\\/\",\"name\":\"loiselle-avocats\",\"description\":\"\",\"publisher\":{\"@id\":\"https:\\\/\\\/loiselleavocats.ca\\\/en\\\/#organization\"},\"potentialAction\":[{\"@type\":\"SearchAction\",\"target\":{\"@type\":\"EntryPoint\",\"urlTemplate\":\"https:\\\/\\\/loiselleavocats.ca\\\/en\\\/?s={search_term_string}\"},\"query-input\":{\"@type\":\"PropertyValueSpecification\",\"valueRequired\":true,\"valueName\":\"search_term_string\"}}],\"inLanguage\":\"en-CA\"},{\"@type\":\"Organization\",\"@id\":\"https:\\\/\\\/loiselleavocats.ca\\\/en\\\/#organization\",\"name\":\"loiselle-avocats\",\"url\":\"https:\\\/\\\/loiselleavocats.ca\\\/en\\\/\",\"logo\":{\"@type\":\"ImageObject\",\"inLanguage\":\"en-CA\",\"@id\":\"https:\\\/\\\/loiselleavocats.ca\\\/en\\\/#\\\/schema\\\/logo\\\/image\\\/\",\"url\":\"https:\\\/\\\/loiselleavocats.ca\\\/wp-content\\\/uploads\\\/2025\\\/12\\\/cropped-LOGO_LOISELLE.JPG-removebg-preview.png\",\"contentUrl\":\"https:\\\/\\\/loiselleavocats.ca\\\/wp-content\\\/uploads\\\/2025\\\/12\\\/cropped-LOGO_LOISELLE.JPG-removebg-preview.png\",\"width\":567,\"height\":147,\"caption\":\"loiselle-avocats\"},\"image\":{\"@id\":\"https:\\\/\\\/loiselleavocats.ca\\\/en\\\/#\\\/schema\\\/logo\\\/image\\\/\"}}]}<\/script>\n<!-- \/ Yoast SEO plugin. -->","yoast_head_json":{"title":"Contact - loiselle-avocats","robots":{"index":"index","follow":"follow","max-snippet":"max-snippet:-1","max-image-preview":"max-image-preview:large","max-video-preview":"max-video-preview:-1"},"canonical":"https:\/\/loiselleavocats.ca\/en\/contact\/","og_locale":"en_US","og_type":"article","og_title":"Contact - loiselle-avocats","og_description":"NOS INFORMATIONS DE CONTACT Nous restons \u00e0 votre disposition pour toute demande compl\u00e9mentaire LOCALISATION 4950 Rue de Verdun, Montr\u00e9al, Canada NUM\u00c9RO DE T\u00c9L\u00c9PHONE +1 514-903-7937_ ADRESSE E-MAIL sonia@loiselleavocats.ca_","og_url":"https:\/\/loiselleavocats.ca\/en\/contact\/","og_site_name":"loiselle-avocats","article_modified_time":"2026-01-23T16:06:07+00:00","og_image":[{"width":1920,"height":628,"url":"https:\/\/loiselleavocats.ca\/wp-content\/uploads\/2024\/04\/about-01-bg-1-2.jpg","type":"image\/jpeg"}],"twitter_card":"summary_large_image","twitter_misc":{"Est. reading time":"1 minute"},"schema":{"@context":"https:\/\/schema.org","@graph":[{"@type":"WebPage","@id":"https:\/\/loiselleavocats.ca\/en\/contact\/","url":"https:\/\/loiselleavocats.ca\/en\/contact\/","name":"Contact - loiselle-avocats","isPartOf":{"@id":"https:\/\/loiselleavocats.ca\/en\/#website"},"primaryImageOfPage":{"@id":"https:\/\/loiselleavocats.ca\/en\/contact\/#primaryimage"},"image":{"@id":"https:\/\/loiselleavocats.ca\/en\/contact\/#primaryimage"},"thumbnailUrl":"https:\/\/loiselleavocats.ca\/wp-content\/uploads\/2024\/04\/about-01-bg-1-2.jpg","datePublished":"2024-04-23T10:52:16+00:00","dateModified":"2026-01-23T16:06:07+00:00","breadcrumb":{"@id":"https:\/\/loiselleavocats.ca\/en\/contact\/#breadcrumb"},"inLanguage":"en-CA","potentialAction":[{"@type":"ReadAction","target":["https:\/\/loiselleavocats.ca\/en\/contact\/"]}]},{"@type":"ImageObject","inLanguage":"en-CA","@id":"https:\/\/loiselleavocats.ca\/en\/contact\/#primaryimage","url":"https:\/\/loiselleavocats.ca\/wp-content\/uploads\/2024\/04\/about-01-bg-1-2.jpg","contentUrl":"https:\/\/loiselleavocats.ca\/wp-content\/uploads\/2024\/04\/about-01-bg-1-2.jpg","width":1920,"height":628},{"@type":"BreadcrumbList","@id":"https:\/\/loiselleavocats.ca\/en\/contact\/#breadcrumb","itemListElement":[{"@type":"ListItem","position":1,"name":"Accueil","item":"https:\/\/loiselleavocats.ca\/en\/"},{"@type":"ListItem","position":2,"name":"Contact"}]},{"@type":"WebSite","@id":"https:\/\/loiselleavocats.ca\/en\/#website","url":"https:\/\/loiselleavocats.ca\/en\/","name":"loiselle-avocats","description":"","publisher":{"@id":"https:\/\/loiselleavocats.ca\/en\/#organization"},"potentialAction":[{"@type":"SearchAction","target":{"@type":"EntryPoint","urlTemplate":"https:\/\/loiselleavocats.ca\/en\/?s={search_term_string}"},"query-input":{"@type":"PropertyValueSpecification","valueRequired":true,"valueName":"search_term_string"}}],"inLanguage":"en-CA"},{"@type":"Organization","@id":"https:\/\/loiselleavocats.ca\/en\/#organization","name":"loiselle-avocats","url":"https:\/\/loiselleavocats.ca\/en\/","logo":{"@type":"ImageObject","inLanguage":"en-CA","@id":"https:\/\/loiselleavocats.ca\/en\/#\/schema\/logo\/image\/","url":"https:\/\/loiselleavocats.ca\/wp-content\/uploads\/2025\/12\/cropped-LOGO_LOISELLE.JPG-removebg-preview.png","contentUrl":"https:\/\/loiselleavocats.ca\/wp-content\/uploads\/2025\/12\/cropped-LOGO_LOISELLE.JPG-removebg-preview.png","width":567,"height":147,"caption":"loiselle-avocats"},"image":{"@id":"https:\/\/loiselleavocats.ca\/en\/#\/schema\/logo\/image\/"}}]}},"_links":{"self":[{"href":"https:\/\/loiselleavocats.ca\/en\/wp-json\/wp\/v2\/pages\/1927","targetHints":{"allow":["GET"]}}],"collection":[{"href":"https:\/\/loiselleavocats.ca\/en\/wp-json\/wp\/v2\/pages"}],"about":[{"href":"https:\/\/loiselleavocats.ca\/en\/wp-json\/wp\/v2\/types\/page"}],"author":[{"embeddable":true,"href":"https:\/\/loiselleavocats.ca\/en\/wp-json\/wp\/v2\/users\/1"}],"replies":[{"embeddable":true,"href":"https:\/\/loiselleavocats.ca\/en\/wp-json\/wp\/v2\/comments?post=1927"}],"version-history":[{"count":58,"href":"https:\/\/loiselleavocats.ca\/en\/wp-json\/wp\/v2\/pages\/1927\/revisions"}],"predecessor-version":[{"id":10024,"href":"https:\/\/loiselleavocats.ca\/en\/wp-json\/wp\/v2\/pages\/1927\/revisions\/10024"}],"wp:featuredmedia":[{"embeddable":true,"href":"https:\/\/loiselleavocats.ca\/en\/wp-json\/wp\/v2\/media\/1875"}],"wp:attachment":[{"href":"https:\/\/loiselleavocats.ca\/en\/wp-json\/wp\/v2\/media?parent=1927"}],"curies":[{"name":"wp","href":"https:\/\/api.w.org\/{rel}","templated":true}]}}